{"id":56,"date":"2020-09-09T20:20:54","date_gmt":"2020-09-09T18:20:54","guid":{"rendered":"http:\/\/2.56.213.182:81\/?page_id=56"},"modified":"2023-06-06T19:37:43","modified_gmt":"2023-06-06T17:37:43","slug":"o-nama","status":"publish","type":"page","link":"https:\/\/biosamdobiven.com\/?page_id=56","title":{"rendered":"O nama"},"content":{"rendered":"<p>[vc_row][vc_column][vc_column_text]<\/p>\n<h2>Za\u0161to mi?<\/h2>\n<p>Utemeljenje \u0160ahovskog kluba\u00a0 \u0160ahovski centar Nexus prirodni\u00a0 je slijed izvrsne 6-godi\u0161nje provedbe Pilot projekta VS\u017d-\u00a0 \u0160kole \u0161aha \u0160ahovski centar (u nastavku: \u0160\u0160 \u0160ahovski centar).<\/p>\n<p>Ideja \u0160\u0160 \u0160ahovski centar se rodila iz velike \u017eelje za popularizacijom \u0161aha me\u0111u mladima na prostoru na\u0161e Vukovarsko-srijemske \u017eupanije,\u00a0 zbog svih blagodati koje \u0161ahovska igra pru\u017ea, nadasve\u00a0 kadetskom uzrastu.<\/p>\n<p>Zahvaljuju\u0107i nekolicini suradnika, koje \u0107emo spomenuti u na\u0161em op\u0161irnijem predstavljanju kasnije, \u0160\u0160 \u0160ahovski centar, sinergijski stvorena oboga\u0107uje \u0161kolski, sportski i op\u0107enito dru\u0161tveni \u017eivot mladih Vukovarsko-srijemske \u017eupanije.<\/p>\n<p>Osnovci na\u0161ih prvih \u0161kola-partnera iz; Gunje, Bo\u0161njaka, \u017dupanje, Gradi\u0161ta, Babine Grede i Vukovara dokazali su svojim sve brojnijim sudjelovanjem iz godine u godinu, kako \u0161ah ipak pripada najvi\u0161e mladima.<\/p>\n<p>Na sjednici vodstva kluba 15. svibnja 2023. godine, donesena je odluka o promjeni naziva kluba u &#8220;\u0160K \u0160ahovski centar&#8221;.[\/vc_column_text][vc_row_inner][vc_column_inner][\/vc_column_inner][\/vc_row_inner][\/vc_column][\/vc_row][vc_row][vc_column][vc_column_text]<\/p>\n<h2>Slatke brojke<\/h2>\n<p>Ne mo\u017eemo ih i ne \u017eelimo izbje\u0107i pa se tako mo\u017eemo pohvaliti kako smo ve\u0107 u 4. godini rada uklju\u010dili <strong>vi\u0161e od 100 djece<\/strong>, iz jednog centra Hrvatske tada najvi\u0161e!<\/p>\n<p>Pojedina\u010dni uspjesi na\u0161ih kadetskih, \u0161ahovskih laureata na razini Pojedina\u010dnih prvenstava Hrvatske, primjer i poticaj su svim \u010dlanovima na\u0161e zajednice kako se radom mo\u017ee do trona.<br \/>\nPet naslova dr\u017eavnih prvaka svakome dovoljno govori.<\/p>\n<p>O na\u0161im kadetskim laureatima i ekipnim uspjesima pisati \u0107emo kasnije op\u0161irnije\u2026[\/vc_column_text][vc_row_inner][vc_column_inner][\/vc_column_inner][\/vc_row_inner][\/vc_column][\/vc_row][vc_row][vc_column][vc_column_text]<\/p>\n<h2>Cilj<\/h2>\n<p>Pod geslom me\u0111unarodne \u0161ahovske federacije Fide \u201eGens una sumus\u201c, stvarati u zajedni\u0161tvu, \u017eele\u0107i jednako sna\u017eno, kao u prvoj godini, prepoznavanje na\u0161eg \u00a0vi\u0161egodi\u0161njeg, marljivog i ustrajnog rada.<\/p>\n<p>Hvala svima koji \u0107e nam se pridru\u017eiti i u\u017eivati u zajedni\u010dkim \u0161ahovskim radostima.[\/vc_column_text][vc_row_inner][vc_column_inner][\/vc_column_inner][\/vc_row_inner][\/vc_column][\/vc_row]<\/p>\n","protected":false},"excerpt":{"rendered":"<p>[vc_row][vc_column][vc_column_text] Za\u0161to mi? Utemeljenje \u0160ahovskog kluba\u00a0 \u0160ahovski centar Nexus prirodni\u00a0 je slijed izvrsne 6-godi\u0161nje provedbe Pilot projekta VS\u017d-\u00a0 \u0160kole \u0161aha \u0160ahovski centar (u nastavku: \u0160\u0160 \u0160ahovski centar). Ideja \u0160\u0160 \u0160ahovski centar se rodila iz velike \u017eelje za popularizacijom \u0161aha me\u0111u mladima na prostoru na\u0161e Vukovarsko-srijemske \u017eupanije,\u00a0 zbog svih blagodati koje \u0161ahovska igra pru\u017ea, nadasve\u00a0 kadetskom&hellip;<\/p>\n","protected":false},"author":1,"featured_media":0,"parent":0,"menu_order":0,"comment_status":"closed","ping_status":"closed","template":"","meta":[],"class_list":["post-56","page","type-page","status-publish","hentry","description-off"],"aioseo_notices":[],"_links":{"self":[{"href":"https:\/\/biosamdobiven.com\/index.php?rest_route=\/wp\/v2\/pages\/56","targetHints":{"allow":["GET"]}}],"collection":[{"href":"https:\/\/biosamdobiven.com\/index.php?rest_route=\/wp\/v2\/pages"}],"about":[{"href":"https:\/\/biosamdobiven.com\/index.php?rest_route=\/wp\/v2\/types\/page"}],"author":[{"embeddable":true,"href":"https:\/\/biosamdobiven.com\/index.php?rest_route=\/wp\/v2\/users\/1"}],"replies":[{"embeddable":true,"href":"https:\/\/biosamdobiven.com\/index.php?rest_route=%2Fwp%2Fv2%2Fcomments&post=56"}],"version-history":[{"count":13,"href":"https:\/\/biosamdobiven.com\/index.php?rest_route=\/wp\/v2\/pages\/56\/revisions"}],"predecessor-version":[{"id":307,"href":"https:\/\/biosamdobiven.com\/index.php?rest_route=\/wp\/v2\/pages\/56\/revisions\/307"}],"wp:attachment":[{"href":"https:\/\/biosamdobiven.com\/index.php?rest_route=%2Fwp%2Fv2%2Fmedia&parent=56"}],"curies":[{"name":"wp","href":"https:\/\/api.w.org\/{rel}","templated":true}]}}